{"id":25,"date":"2026-03-13T03:19:52","date_gmt":"2026-03-13T03:19:52","guid":{"rendered":"https:\/\/innersight.id.vn\/?page_id=25"},"modified":"2026-03-22T16:52:14","modified_gmt":"2026-03-22T16:52:14","slug":"projects","status":"publish","type":"page","link":"https:\/\/innersight.id.vn\/index.php\/projects\/","title":{"rendered":"PROJECTS"},"content":{"rendered":"\n\n  <div class=\"banner has-hover is-full-height has-parallax\" id=\"banner-1420908607\">\n          <div class=\"banner-inner fill\">\n        <div class=\"banner-bg fill\" data-parallax=\"-4\" data-parallax-container=\".banner\" data-parallax-background>\n            <div class=\"bg fill bg-fill \"><\/div>\n                        <div class=\"overlay\"><\/div>            \n                    <\/div>\n\t\t\t<div class=\"ux-shape-divider ux-shape-divider--top ux-shape-divider--style-curve-2-invert\">\n\t\t<svg viewBox=\"0 0 1000 100\" xmlns=\"http:\/\/www.w3.org\/2000\/svg\" preserveAspectRatio=\"none\">\n\t<path class=\"ux-shape-fill\" d=\"M1000 100H0V4.71656C494.161 100.895 796.31 101.094 1000 5.31298V100Z\"\/>\n<\/svg>\n\t<\/div>\n\n        <div class=\"banner-layers container\">\n            <a class=\"fill\" href=\"Portfolio\" ><div class=\"fill banner-link\"><\/div><\/a>            \n\n   <div id=\"text-box-1696550006\" class=\"text-box banner-layer x50 md-x50 lg-x50 y50 md-y50 lg-y50 res-text\">\n              <div data-parallax=\"-3\" data-parallax-fade=\"true\">       <div data-animate=\"fadeInUp\">           <div class=\"text-box-content text dark text-shadow-1\">\n              \n              <div class=\"text-inner text-center\">\n                  \n\n<h1 class=\"uppercase\"><strong>WE&#8217;re a creative Agency<\/strong><\/h1>\n<p class=\"lead\">Lorem ipsum dolor sit amet, consectetuer adipiscing elit, sed diam nonummy nibh euismod tincidunt ut laoreet dolore magna aliquam erat volutpat<\/p>\n\n              <\/div>\n           <\/div>\n       <\/div>       <\/div>              \n<style>\n#text-box-1696550006 {\n  width: 100%;\n}\n#text-box-1696550006 .text-box-content {\n  font-size: 131%;\n}\n@media (min-width:550px) {\n  #text-box-1696550006 {\n    width: 59%;\n  }\n  #text-box-1696550006 .text-box-content {\n    font-size: 100%;\n  }\n}\n<\/style>\n    <\/div>\n \n\n        <\/div>\n      <\/div>\n\n            \n<style>\n#banner-1420908607 {\n  padding-top: 100%;\n}\n#banner-1420908607 .bg.bg-loaded {\n  background-image: 8902;\n}\n#banner-1420908607 .overlay {\n  background-color: rgba(0, 0, 0, 0.27);\n}\n#banner-1420908607 .bg {\n  background-position: 49% 43%;\n}\n#banner-1420908607 .ux-shape-divider--top svg {\n  height: 150px;\n  --divider-top-width: 300%;\n}\n<\/style>\n  <\/div>\n\n\n  <div class=\"banner-grid-wrapper\">\n  <div id=\"banner-grid-1106826309\" class=\"banner-grid row row-grid row-collapse row-full-width\" data-packery-options=\"\">\n                      \n\n<div class=\"col grid-col large-6 grid-col-2-3\" ><div class=\"col-inner\">\n\n\n  <div class=\"banner has-hover bg-zoom\" id=\"banner-1551585513\">\n          <div class=\"banner-inner fill\">\n        <div class=\"banner-bg fill\" >\n            <div class=\"bg fill bg-fill \"><\/div>\n                        <div class=\"overlay\"><\/div>            \n                    <\/div>\n\t\t\n        <div class=\"banner-layers container\">\n            <a class=\"fill\" href=\"Portfolio\" ><div class=\"fill banner-link\"><\/div><\/a>            \n\n   <div id=\"text-box-1137455206\" class=\"text-box banner-layer x10 md-x10 lg-x10 y80 md-y80 lg-y80 res-text\">\n                     <div data-animate=\"fadeInRight\">           <div class=\"text-box-content text dark\">\n              \n              <div class=\"text-inner text-left\">\n                  \n\n<div class=\"video-button-wrapper\" style=\"font-size:130%\"><a href=\"https:\/\/www.youtube.com\/watch?v=f3Hh_qSkpaA\" class=\"button open-video icon circle is-outline is-xlarge\" target=\"_blank\" rel=\"noopener\"><i class=\"icon-play\" style=\"font-size:1.5em;\" ><\/i><\/a><\/div>\n\n<h3 class=\"uppercase\"><strong>This is a simple banner<\/strong><\/h3>\n<p class=\"lead\">A Website for Acme Company<\/p>\n\n              <\/div>\n           <\/div>\n       <\/div>                     \n<style>\n#text-box-1137455206 {\n  width: 37%;\n}\n#text-box-1137455206 .text-box-content {\n  font-size: 100%;\n}\n<\/style>\n    <\/div>\n \n\n        <\/div>\n      <\/div>\n\n            \n<style>\n#banner-1551585513 {\n  padding-top: 500px;\n}\n#banner-1551585513 .bg.bg-loaded {\n  background-image: 8900;\n}\n#banner-1551585513 .overlay {\n  background-color: rgba(0, 0, 0, 0.2);\n}\n#banner-1551585513 .bg {\n  background-position: 53% 69%;\n}\n<\/style>\n  <\/div>\n\n\n\n<\/div><\/div>\n<div class=\"col grid-col large-6 grid-col-1-2\" ><div class=\"col-inner\">\n\n\n  <div class=\"banner has-hover bg-zoom\" id=\"banner-1767333225\">\n          <div class=\"banner-inner fill\">\n        <div class=\"banner-bg fill\" >\n            <div class=\"bg fill bg-fill \"><\/div>\n                        <div class=\"overlay\"><\/div>            \n                    <\/div>\n\t\t\n        <div class=\"banner-layers container\">\n            <a class=\"fill\" href=\"Portfolio\" ><div class=\"fill banner-link\"><\/div><\/a>            \n\n   <div id=\"text-box-969785279\" class=\"text-box banner-layer x90 md-x90 lg-x90 y50 md-y50 lg-y50 res-text\">\n                     <div data-animate=\"fadeInLeft\">           <div class=\"text-box-content text dark\">\n              \n              <div class=\"text-inner text-right\">\n                  \n\n<h3 class=\"uppercase\"><strong>This is a simple banner<\/strong><\/h3>\n<p class=\"lead\">A Website for Acme Company<\/p>\n\n              <\/div>\n           <\/div>\n       <\/div>                     \n<style>\n#text-box-969785279 {\n  width: 30%;\n}\n#text-box-969785279 .text-box-content {\n  font-size: 100%;\n}\n<\/style>\n    <\/div>\n \n\n        <\/div>\n      <\/div>\n\n            \n<style>\n#banner-1767333225 {\n  padding-top: 500px;\n}\n#banner-1767333225 .bg.bg-loaded {\n  background-image: 8898;\n}\n#banner-1767333225 .overlay {\n  background-color: rgba(0, 0, 0, 0.19);\n}\n#banner-1767333225 .bg {\n  background-position: 53% 69%;\n}\n<\/style>\n  <\/div>\n\n\n\n<\/div><\/div>\n<div class=\"col grid-col large-3 grid-col-1-2\" ><div class=\"col-inner\">\n\n\n  <div class=\"banner has-hover bg-zoom\" id=\"banner-1634059730\">\n          <div class=\"banner-inner fill\">\n        <div class=\"banner-bg fill\" >\n            <div class=\"bg fill bg-fill \"><\/div>\n                        <div class=\"overlay\"><\/div>            \n                    <\/div>\n\t\t\n        <div class=\"banner-layers container\">\n            <a class=\"fill\" href=\"Portfolio\" ><div class=\"fill banner-link\"><\/div><\/a>            \n\n   <div id=\"text-box-387711478\" class=\"text-box banner-layer x50 md-x50 lg-x50 y50 md-y50 lg-y50 res-text\">\n                                <div class=\"text-box-content text dark\">\n              \n              <div class=\"text-inner text-center\">\n                  \n\n<h3 class=\"uppercase\"><strong>This is a simple banner<\/strong><\/h3>\n<p class=\"lead\">A Website for Acme Company<\/p>\n\n              <\/div>\n           <\/div>\n                            \n<style>\n#text-box-387711478 {\n  width: 60%;\n}\n#text-box-387711478 .text-box-content {\n  font-size: 100%;\n}\n<\/style>\n    <\/div>\n \n\n        <\/div>\n      <\/div>\n\n            \n<style>\n#banner-1634059730 {\n  padding-top: 500px;\n}\n#banner-1634059730 .bg.bg-loaded {\n  background-image: 8891;\n}\n#banner-1634059730 .overlay {\n  background-color: rgba(0, 0, 0, 0.21);\n}\n<\/style>\n  <\/div>\n\n\n\n<\/div><\/div>\n<div class=\"col grid-col large-3 grid-col-1-2\" ><div class=\"col-inner\">\n\n\n  <div class=\"banner has-hover bg-zoom\" id=\"banner-649466796\">\n          <div class=\"banner-inner fill\">\n        <div class=\"banner-bg fill\" >\n            <div class=\"bg fill bg-fill \"><\/div>\n                        <div class=\"overlay\"><\/div>            \n                    <\/div>\n\t\t\n        <div class=\"banner-layers container\">\n            <a class=\"fill\" href=\"Portfolio\" ><div class=\"fill banner-link\"><\/div><\/a>            \n\n   <div id=\"text-box-969892857\" class=\"text-box banner-layer x50 md-x50 lg-x50 y95 md-y95 lg-y95 res-text\">\n       <div class=\"hover-fade-out\">                         <div class=\"text-box-content text dark\">\n              \n              <div class=\"text-inner text-center\">\n                  \n\n<h3 class=\"uppercase\"><strong>This is a simple banner<\/strong><\/h3>\n<p class=\"lead\">A Website for Acme Company<\/p>\n\n              <\/div>\n           <\/div>\n                     <\/div>       \n<style>\n#text-box-969892857 {\n  width: 60%;\n}\n#text-box-969892857 .text-box-content {\n  font-size: 100%;\n}\n<\/style>\n    <\/div>\n \n   <div id=\"text-box-551918538\" class=\"text-box banner-layer x50 md-x50 lg-x50 y50 md-y50 lg-y50 res-text\">\n       <div class=\"hover-zoom-in\">                         <div class=\"text-box-content text dark\">\n              \n              <div class=\"text-inner text-center\">\n                  \n\n<div class=\"video-button-wrapper\" style=\"font-size:178%\"><a href=\"https:\/\/www.youtube.com\/watch?v=f3Hh_qSkpaA\" class=\"button open-video icon circle is-outline is-xlarge\" target=\"_blank\" rel=\"noopener\"><i class=\"icon-play\" style=\"font-size:1.5em;\" ><\/i><\/a><\/div>\n\n\n              <\/div>\n           <\/div>\n                     <\/div>       \n<style>\n#text-box-551918538 {\n  width: 60%;\n}\n#text-box-551918538 .text-box-content {\n  font-size: 100%;\n}\n<\/style>\n    <\/div>\n \n\n        <\/div>\n      <\/div>\n\n            \n<style>\n#banner-649466796 {\n  padding-top: 500px;\n}\n#banner-649466796 .bg.bg-loaded {\n  background-image: 9067;\n}\n#banner-649466796 .overlay {\n  background-color: rgba(0, 0, 0, 0.47);\n}\n#banner-649466796 .bg {\n  background-position: 34% 46%;\n}\n<\/style>\n  <\/div>\n\n\n\n<\/div><\/div>\n<div class=\"col grid-col large-6 grid-col-1-3\" ><div class=\"col-inner\">\n\n\n  <div class=\"banner has-hover bg-zoom\" id=\"banner-2101172045\">\n          <div class=\"banner-inner fill\">\n        <div class=\"banner-bg fill\" >\n            <div class=\"bg fill bg-fill \"><\/div>\n                                    \n                    <\/div>\n\t\t\n        <div class=\"banner-layers container\">\n            <div class=\"fill banner-link\"><\/div>            \n\n   <div id=\"text-box-1216280376\" class=\"text-box banner-layer x10 md-x10 lg-x10 y70 md-y70 lg-y70 res-text\">\n                                <div class=\"text-box-content text \">\n              \n              <div class=\"text-inner text-left\">\n                  \n\n<h3 class=\"uppercase\"><strong>This is a simple banner<\/strong><\/h3>\n<p class=\"lead\">A Website for Acme Company<\/p>\n\n              <\/div>\n           <\/div>\n                            \n<style>\n#text-box-1216280376 {\n  width: 39%;\n}\n#text-box-1216280376 .text-box-content {\n  font-size: 100%;\n}\n<\/style>\n    <\/div>\n \n\n        <\/div>\n      <\/div>\n\n            \n<style>\n#banner-2101172045 {\n  padding-top: 500px;\n}\n#banner-2101172045 .bg.bg-loaded {\n  background-image: 8888;\n}\n<\/style>\n  <\/div>\n\n\n\n<\/div><\/div>\n\n            <\/div>\n    <style>\n    #banner-grid-1106826309 .grid-col-1{height: 885px}\n    #banner-grid-1106826309 .grid-col-1-2{height: 442.5px}\n    #banner-grid-1106826309 .grid-col-1-3{height:295px}\n    #banner-grid-1106826309 .grid-col-2-3{height: 590px}\n    #banner-grid-1106826309 .grid-col-1-4{height: 221.25px}\n    #banner-grid-1106826309 .grid-col-3-4{height: 663.75px}\n\n\n    \n    \n\n  <\/style>\n    <\/div>\n  \n<div class=\"row\"  id=\"row-1723056578\">\n\n\n\t<div id=\"col-2002770831\" class=\"col small-12 large-12\"  >\n\t\t\t\t<div class=\"col-inner text-center\"  >\n\t\t\t\n\t\t\t\n\n<a href=\"https:\/\/innersight.id.vn\/index.php\/portfolio\/\" class=\"button primary is-outline is-larger reveal-icon\" style=\"border-radius:99px;\">\n    <span>Browse Portfolio<\/span>\n  <i class=\"icon-angle-right\" aria-hidden=\"true\" ><\/i><\/a>\n\n\n\n\t\t<\/div>\n\t\t\t\t\t<\/div>\n\n\t\n\n<\/div>\n<div class=\"container section-title-container\" ><h3 class=\"section-title section-title-center\"><b><\/b><span class=\"section-title-main\" >Our Clients<\/span><b><\/b><\/h3><\/div>\n\n<div class=\"row align-middle row-dashed\"  id=\"row-712560945\">\n\n\n\t<div id=\"col-1645176901\" class=\"col medium-4 small-12 large-4\"  >\n\t\t\t\t<div class=\"col-inner text-center\"  >\n\t\t\t\n\t\t\t\n\n<div class=\"ux-logo has-hover align-middle ux_logo inline-block\" style=\"max-width: 100%!important; width: 268.09523809524px!important\"><div class=\"ux-logo-link block image-color\" title=\"\" href=\"\" style=\"padding: 15px;\"><img decoding=\"async\" src=\"https:\/\/innersight.id.vn\/wp-content\/themes\/flatsome\/assets\/img\/logo.png\" title=\"\" alt=\"\" class=\"ux-logo-image block\" style=\"height:50px;\" \/><\/div><\/div>\n\n\n\t\t<\/div>\n\t\t\t\t\t<\/div>\n\n\t\n\n\t<div id=\"col-1651186868\" class=\"col medium-4 small-12 large-4\"  >\n\t\t\t\t<div class=\"col-inner text-center\"  >\n\t\t\t\n\t\t\t\n\n<div class=\"ux-logo has-hover align-middle ux_logo inline-block\" style=\"max-width: 100%!important; width: 268.09523809524px!important\"><div class=\"ux-logo-link block image-color\" title=\"\" href=\"\" style=\"padding: 15px;\"><img decoding=\"async\" src=\"https:\/\/innersight.id.vn\/wp-content\/themes\/flatsome\/assets\/img\/logo.png\" title=\"\" alt=\"\" class=\"ux-logo-image block\" style=\"height:50px;\" \/><\/div><\/div>\n\n\n\t\t<\/div>\n\t\t\t\t\t<\/div>\n\n\t\n\n\t<div id=\"col-819924993\" class=\"col medium-4 small-12 large-4\"  >\n\t\t\t\t<div class=\"col-inner text-center\"  >\n\t\t\t\n\t\t\t\n\n<div class=\"ux-logo has-hover align-middle ux_logo inline-block\" style=\"max-width: 100%!important; width: 268.09523809524px!important\"><div class=\"ux-logo-link block image-color\" title=\"\" href=\"\" style=\"padding: 15px;\"><img decoding=\"async\" src=\"https:\/\/innersight.id.vn\/wp-content\/themes\/flatsome\/assets\/img\/logo.png\" title=\"\" alt=\"\" class=\"ux-logo-image block\" style=\"height:50px;\" \/><\/div><\/div>\n\n\n\t\t<\/div>\n\t\t\t\t\t<\/div>\n\n\t\n\n\t<div id=\"col-358350693\" class=\"col medium-4 small-12 large-4\"  >\n\t\t\t\t<div class=\"col-inner text-center\"  >\n\t\t\t\n\t\t\t\n\n<div class=\"ux-logo has-hover align-middle ux_logo inline-block\" style=\"max-width: 100%!important; width: 268.09523809524px!important\"><div class=\"ux-logo-link block image-color\" title=\"\" href=\"\" style=\"padding: 15px;\"><img decoding=\"async\" src=\"https:\/\/innersight.id.vn\/wp-content\/themes\/flatsome\/assets\/img\/logo.png\" title=\"\" alt=\"\" class=\"ux-logo-image block\" style=\"height:50px;\" \/><\/div><\/div>\n\n\n\t\t<\/div>\n\t\t\t\t\t<\/div>\n\n\t\n\n\t<div id=\"col-1277263065\" class=\"col medium-4 small-12 large-4\"  >\n\t\t\t\t<div class=\"col-inner text-center\"  >\n\t\t\t\n\t\t\t\n\n<div class=\"ux-logo has-hover align-middle ux_logo inline-block\" style=\"max-width: 100%!important; width: 268.09523809524px!important\"><div class=\"ux-logo-link block image-color\" title=\"\" href=\"\" style=\"padding: 15px;\"><img decoding=\"async\" src=\"https:\/\/innersight.id.vn\/wp-content\/themes\/flatsome\/assets\/img\/logo.png\" title=\"\" alt=\"\" class=\"ux-logo-image block\" style=\"height:50px;\" \/><\/div><\/div>\n\n\n\t\t<\/div>\n\t\t\t\t\t<\/div>\n\n\t\n\n\t<div id=\"col-795696737\" class=\"col medium-4 small-12 large-4\"  >\n\t\t\t\t<div class=\"col-inner text-center\"  >\n\t\t\t\n\t\t\t\n\n<div class=\"ux-logo has-hover align-middle ux_logo inline-block\" style=\"max-width: 100%!important; width: 268.09523809524px!important\"><div class=\"ux-logo-link block image-color\" title=\"\" href=\"\" style=\"padding: 15px;\"><img decoding=\"async\" src=\"https:\/\/innersight.id.vn\/wp-content\/themes\/flatsome\/assets\/img\/logo.png\" title=\"\" alt=\"\" class=\"ux-logo-image block\" style=\"height:50px;\" \/><\/div><\/div>\n\n\n\t\t<\/div>\n\t\t\t\t\t<\/div>\n\n\t\n\n<\/div>\n\t<div id=\"gap-360491164\" class=\"gap-element clearfix\" style=\"display:block; height:auto;\">\n\t\t\n<style>\n#gap-360491164 {\n  padding-top: 30px;\n}\n<\/style>\n\t<\/div>\n\t\n\n\t<section class=\"section\" id=\"section_96618034\">\n\t\t<div class=\"bg section-bg fill bg-fill  bg-loaded\" >\n\n\t\t\t\n\t\t\t<div class=\"section-bg-overlay absolute fill\"><\/div>\n\t\t\t\n\t<div class=\"is-border\"\n\t\tstyle=\"border-width:1px 0px 1px 0px;\">\n\t<\/div>\n\n\t\t<\/div>\n\n\t\t\n\n\t\t<div class=\"section-content relative\">\n\t\t\t\n\n<div class=\"row row-large align-center\"  id=\"row-713017740\">\n\n\n\t<div id=\"col-2074488052\" class=\"col medium-9 small-12 large-9\"  >\n\t\t\t\t<div class=\"col-inner text-center\"  >\n\t\t\t\n\t\t\t\n\n<h2 class=\"uppercase\"><span style=\"font-size: 100%;\">Contact Us<\/span><\/h2>\n<p class=\"lead\">Lorem ipsum dolor sit amet, consectetuer adipiscing elit, sed diam nonummy nibh euismod tincidunt ut laoreet dolore magna aliquam erat volutpat.<\/p>\n\n\t\t<\/div>\n\t\t\t\t\t<\/div>\n\n\t\n\n\t<div id=\"col-1220053644\" class=\"col medium-6 small-12 large-6\"  >\n\t\t\t\t<div class=\"col-inner text-left\"  >\n\t\t\t\n\t\t\t\n\n<div class=\"accordion\">\n\n\t<div id=\"accordion-2754636847\" class=\"accordion-item\">\n\t\t<a id=\"accordion-2754636847-label\" class=\"accordion-title plain active\" href=\"#accordion-item-how-long-does-it-takes-to-we-get-back-to-you\" aria-expanded=\"true\" aria-controls=\"accordion-2754636847-content\" >\n\t\t\t<button class=\"toggle\" aria-label=\"Chuy\u1ec3n \u0111\u1ed5i\"><i class=\"icon-angle-down\"><\/i><\/button>\n\t\t\t<span>How long does it takes to we get back to you<\/span>\n\t\t<\/a>\n\t\t<div id=\"accordion-2754636847-content\" class=\"accordion-inner\" style=\"display: block;\" aria-labelledby=\"accordion-2754636847-label\" >\n\t\t\t\n\n<p>Lorem ipsum dolor sit amet, consectetuer adipiscing elit, sed diam nonummy nibh euismod tincidunt ut laoreet dolore magna aliquam erat volutpat.<\/p>\n\n\t\t<\/div>\n\t<\/div>\n\t\n\t<div id=\"accordion-3794950548\" class=\"accordion-item\">\n\t\t<a id=\"accordion-3794950548-label\" class=\"accordion-title plain\" href=\"#accordion-item-accordion-panel\" aria-expanded=\"false\" aria-controls=\"accordion-3794950548-content\" >\n\t\t\t<button class=\"toggle\" aria-label=\"Chuy\u1ec3n \u0111\u1ed5i\"><i class=\"icon-angle-down\"><\/i><\/button>\n\t\t\t<span>Accordion Panel<\/span>\n\t\t<\/a>\n\t\t<div id=\"accordion-3794950548-content\" class=\"accordion-inner\" aria-labelledby=\"accordion-3794950548-label\" >\n\t\t\t\n\n\n\t\t<\/div>\n\t<\/div>\n\t\n\t<div id=\"accordion-1777162033\" class=\"accordion-item\">\n\t\t<a id=\"accordion-1777162033-label\" class=\"accordion-title plain\" href=\"#accordion-item-add-anything-here\" aria-expanded=\"false\" aria-controls=\"accordion-1777162033-content\" >\n\t\t\t<button class=\"toggle\" aria-label=\"Chuy\u1ec3n \u0111\u1ed5i\"><i class=\"icon-angle-down\"><\/i><\/button>\n\t\t\t<span>Add anything here<\/span>\n\t\t<\/a>\n\t\t<div id=\"accordion-1777162033-content\" class=\"accordion-inner\" aria-labelledby=\"accordion-1777162033-label\" >\n\t\t\t\n\n<p>Lorem ipsum dolor sit amet, consectetuer adipiscing elit, sed diam nonummy nibh euismod tincidunt ut laoreet dolore magna aliquam erat volutpat.<\/p>\n\n\t\t<\/div>\n\t<\/div>\n\t\n\t<div id=\"accordion-867451437\" class=\"accordion-item\">\n\t\t<a id=\"accordion-867451437-label\" class=\"accordion-title plain\" href=\"#accordion-item-research\" aria-expanded=\"false\" aria-controls=\"accordion-867451437-content\" >\n\t\t\t<button class=\"toggle\" aria-label=\"Chuy\u1ec3n \u0111\u1ed5i\"><i class=\"icon-angle-down\"><\/i><\/button>\n\t\t\t<span>Research<\/span>\n\t\t<\/a>\n\t\t<div id=\"accordion-867451437-content\" class=\"accordion-inner\" aria-labelledby=\"accordion-867451437-label\" >\n\t\t\t\n\n<p>Lorem ipsum dolor sit amet, consectetuer adipiscing elit, sed diam nonummy nibh euismod tincidunt ut laoreet dolore magna aliquam erat volutpat.<\/p>\n\n\t\t<\/div>\n\t<\/div>\n\t\n\n<\/div>\n\n\t\t<\/div>\n\t\t\t\t\t<\/div>\n\n\t\n\n\t<div id=\"col-1268115557\" class=\"col medium-6 small-12 large-6\"  >\n\t\t\t\t<div class=\"col-inner\"  >\n\t\t\t\n\t\t\t\n\n[contact-form-7 id=&#8221;8979&#8243;]\n\n\t\t<\/div>\n\t\t\t\t\t<\/div>\n\n\t\n\n<\/div>\n\n\t\t<\/div>\n\n\t\t\n<style>\n#section_96618034 {\n  padding-top: 60px;\n  padding-bottom: 60px;\n  background-color: rgb(207, 207, 207);\n}\n#section_96618034 .section-bg-overlay {\n  background-color: rgba(255, 255, 255, 0.85);\n}\n<\/style>\n\t<\/section>\n\t\n<div class=\"container section-title-container\" style=\"margin-top:22px;\"><h3 class=\"section-title section-title-center\"><b><\/b><span class=\"section-title-main\" style=\"font-size:undefined%;\">LAtest NEws<\/span><b><\/b><\/h3><\/div>\n\n\n  \n    <div class=\"row large-columns-3 medium-columns- small-columns-1 slider row-slider slider-nav-simple slider-nav-outside\"  data-flickity-options='{\"imagesLoaded\": true, \"groupCells\": \"100%\", \"dragThreshold\" : 5, \"cellAlign\": \"left\",\"wrapAround\": true,\"prevNextButtons\": true,\"percentPosition\": true,\"pageDots\": false, \"rightToLeft\": false, \"autoPlay\" : false}' >\n\n  <div class=\"col post-item\" >\n\t\t\t<div class=\"col-inner\">\n\t\t\t\t<div class=\"box box-push box-text-bottom box-blog-post has-hover\">\n          \t\t\t\t\t<div class=\"box-text text-center\" >\n\t\t\t\t\t<div class=\"box-text-inner blog-post-inner\">\n\n\t\t\t\t\t\n\t\t\t\t\t\t\t\t\t\t<h5 class=\"post-title is-large \">\n\t\t\t\t\t\t<a href=\"https:\/\/innersight.id.vn\/index.php\/2026\/03\/12\/chao-moi-nguoi\/\" class=\"plain\">Ch\u00e0o t\u1ea5t c\u1ea3 m\u1ecdi ng\u01b0\u1eddi!<\/a>\n\t\t\t\t\t<\/h5>\n\t\t\t\t\t<div class=\"post-meta is-small op-8\">12 Th\u00e1ng 3, 2026<\/div>\t\t\t\t\t<div class=\"is-divider\"><\/div>\n\t\t\t\t\t\t\t\t\t\t<p class=\"from_the_blog_excerpt \">\n\t\t\t\t\t\tC\u1ea3m \u01a1n v\u00ec \u0111\u00e3 s\u1eed d\u1ee5ng WordPress. \u0110\u00e2y l\u00e0 b\u00e0i vi\u1ebft \u0111\u1ea7u ti\u00ean c\u1ee7a b\u1ea1n. [...]\t\t\t\t\t<\/p>\n\t\t\t\t\t                                            <p class=\"from_the_blog_comments uppercase is-xsmall\">\n                            1 C\u00e1c b\u00ecnh lu\u1eadn                        <\/p>\n                    \n\t\t\t\t\t\n\t\t\t\t\t\n\t\t\t\t\t<\/div>\n\t\t\t\t\t<\/div>\n\t\t\t\t\t\t\t\t\t<\/div>\n\t\t\t<\/div>\n\t\t<\/div><\/div>\n\n\n","protected":false},"excerpt":{"rendered":"","protected":false},"author":1,"featured_media":0,"parent":0,"menu_order":0,"comment_status":"closed","ping_status":"closed","template":"page-transparent-header-light.php","meta":{"_vp_format_video_url":"","_vp_image_focal_point":[],"footnotes":""},"class_list":["post-25","page","type-page","status-publish","hentry"],"_links":{"self":[{"href":"https:\/\/innersight.id.vn\/index.php\/wp-json\/wp\/v2\/pages\/25","targetHints":{"allow":["GET"]}}],"collection":[{"href":"https:\/\/innersight.id.vn\/index.php\/wp-json\/wp\/v2\/pages"}],"about":[{"href":"https:\/\/innersight.id.vn\/index.php\/wp-json\/wp\/v2\/types\/page"}],"author":[{"embeddable":true,"href":"https:\/\/innersight.id.vn\/index.php\/wp-json\/wp\/v2\/users\/1"}],"replies":[{"embeddable":true,"href":"https:\/\/innersight.id.vn\/index.php\/wp-json\/wp\/v2\/comments?post=25"}],"version-history":[{"count":3,"href":"https:\/\/innersight.id.vn\/index.php\/wp-json\/wp\/v2\/pages\/25\/revisions"}],"predecessor-version":[{"id":150,"href":"https:\/\/innersight.id.vn\/index.php\/wp-json\/wp\/v2\/pages\/25\/revisions\/150"}],"wp:attachment":[{"href":"https:\/\/innersight.id.vn\/index.php\/wp-json\/wp\/v2\/media?parent=25"}],"curies":[{"name":"wp","href":"https:\/\/api.w.org\/{rel}","templated":true}]}}